{"id":40,"date":"2017-06-07T11:00:28","date_gmt":"2017-06-07T04:00:28","guid":{"rendered":"http:\/\/demo.woothemes.com\/woocommerce\/?post_type=product&#038;p=40"},"modified":"2022-11-02T08:34:16","modified_gmt":"2022-11-02T01:34:16","slug":"nham-dia-siaflex-1948","status":"publish","type":"product","link":"https:\/\/abawellgrow.com.vn\/en\/product\/nham-dia-siaflex-1948\/","title":{"rendered":"Sanding disc Siaflex 1948"},"content":{"rendered":"<p>Siaflex 1948 disc sanders are a versatile product line that offers an economical solution for both dry and wet scrubbing. 1948 siaflex produces outstanding results at all grain grades available, and in a wide range of applications in the automotive industry.<\/p>\n<p>Application:<\/p>\n<p>Scrub away coatings and impurities<br \/>\nScrub rough edges of surfaces to be repaired<br \/>\nMatte grinding of mastics and putty<br \/>\nScrub for the putty layer<br \/>\nScrub off old and new varnishes<br \/>\nEliminates surface roughness and dust ingress.<br \/>\nProduct features:<\/p>\n<p>Abrasive type: Blue flame aluminum oxide \/ white aluminum oxide<\/p>\n<p>Base lining: Latex paper with reinforced fiber<\/p>\n<p>Coating:<\/p>\n<p>Electrostatic open coating method P220-P600<br \/>\nElectrostatic coating method P040-P180<br \/>\nElectrostatic coating method P800-P1500<br \/>\nAdhesive: Resin on resin<\/p>\n<p>Coating: Srearate from P180-P800<\/p>\n<p>Grain: P60, P80, P100, P120, P150, P180, P240, P320, P400, P500, P600, P800, P1200.<\/p>\n<p>Size: 125MM, 150MM<\/p>\n<p>Hole: as required<\/p>","protected":false},"excerpt":{"rendered":"<p>Pellentesque habitant morbi tristique senectus et netus et malesuada fames ac turpis egestas. Vestibulum tortor quam, feugiat vitae, ultricies eget, tempor sit amet, ante. Donec eu libero sit amet quam egestas semper. Aenean ultricies mi vitae est. Mauris placerat eleifend climbing.<\/p>","protected":false},"featured_media":4077,"comment_status":"closed","ping_status":"closed","template":"","meta":[],"product_cat":[122,127,128,129],"product_tag":[],"yoast_head":"<!-- This site is optimized with the Yoast SEO Premium plugin v19.1 (Yoast SEO v19.5) - https:\/\/yoast.com\/wordpress\/plugins\/seo\/ -->\n<title>Nh\u00e1m \u0111\u0129a Siaflex 1948 - ABA VIETNAM<\/title>\n<meta name=\"robots\" content=\"index, follow, max-snippet:-1, max-image-preview:large, max-video-preview:-1\" \/>\n<link rel=\"canonical\" href=\"https:\/\/abawellgrow.com.vn\/en\/product\/nham-dia-siaflex-1948\/\" \/>\n<meta property=\"og:locale\" content=\"en_US\" \/>\n<meta property=\"og:type\" content=\"article\" \/>\n<meta property=\"og:title\" content=\"Nh\u00e1m \u0111\u0129a Siaflex 1948\" \/>\n<meta property=\"og:description\" content=\"Pellentesque habitant morbi tristique senectus et netus et malesuada fames ac turpis egestas. Vestibulum tortor quam, feugiat vitae, ultricies eget, tempor sit amet, ante. Donec eu libero sit amet quam egestas semper. Aenean ultricies mi vitae est. Mauris placerat eleifend leo.\" \/>\n<meta property=\"og:url\" content=\"https:\/\/abawellgrow.com.vn\/en\/product\/nham-dia-siaflex-1948\/\" \/>\n<meta property=\"og:site_name\" content=\"ABA VIETNAM\" \/>\n<meta property=\"article:modified_time\" content=\"2022-11-02T01:34:16+00:00\" \/>\n<meta property=\"og:image\" content=\"https:\/\/abawellgrow.com.vn\/wp-content\/uploads\/2017\/06\/Siaflex-1948.jpg\" \/>\n\t<meta property=\"og:image:width\" content=\"600\" \/>\n\t<meta property=\"og:image:height\" content=\"600\" \/>\n\t<meta property=\"og:image:type\" content=\"image\/jpeg\" \/>\n<meta name=\"twitter:card\" content=\"summary_large_image\" \/>\n<meta name=\"twitter:label1\" content=\"Est. reading time\" \/>\n\t<meta name=\"twitter:data1\" content=\"1 minute\" \/>\n<script type=\"application\/ld+json\" class=\"yoast-schema-graph\">{\"@context\":\"https:\/\/schema.org\",\"@graph\":[{\"@type\":\"WebPage\",\"@id\":\"https:\/\/abawellgrow.com.vn\/san-pham\/nham-dia-siaflex-1948\/\",\"url\":\"https:\/\/abawellgrow.com.vn\/san-pham\/nham-dia-siaflex-1948\/\",\"name\":\"Nh\u00e1m \u0111\u0129a Siaflex 1948 - ABA VIETNAM\",\"isPartOf\":{\"@id\":\"https:\/\/abawellgrow.com.vn\/#website\"},\"datePublished\":\"2017-06-07T04:00:28+00:00\",\"dateModified\":\"2022-11-02T01:34:16+00:00\",\"breadcrumb\":{\"@id\":\"https:\/\/abawellgrow.com.vn\/san-pham\/nham-dia-siaflex-1948\/#breadcrumb\"},\"inLanguage\":\"en-US\",\"potentialAction\":[{\"@type\":\"ReadAction\",\"target\":[\"https:\/\/abawellgrow.com.vn\/san-pham\/nham-dia-siaflex-1948\/\"]}]},{\"@type\":\"BreadcrumbList\",\"@id\":\"https:\/\/abawellgrow.com.vn\/san-pham\/nham-dia-siaflex-1948\/#breadcrumb\",\"itemListElement\":[{\"@type\":\"ListItem\",\"position\":1,\"name\":\"Home\",\"item\":\"https:\/\/abawellgrow.com.vn\/\"},{\"@type\":\"ListItem\",\"position\":2,\"name\":\"S\u1ea3n ph\u1ea9m\",\"item\":\"https:\/\/abawellgrow.com.vn\/san-pham\/\"},{\"@type\":\"ListItem\",\"position\":3,\"name\":\"Nh\u00e1m \u0111\u0129a Siaflex 1948\"}]},{\"@type\":\"WebSite\",\"@id\":\"https:\/\/abawellgrow.com.vn\/#website\",\"url\":\"https:\/\/abawellgrow.com.vn\/\",\"name\":\"ABA VIETNAM\",\"description\":\"C\u00d4NG TY TNHH ABA WELLGROW VI\u1ec6T NAM\",\"publisher\":{\"@id\":\"https:\/\/abawellgrow.com.vn\/#organization\"},\"potentialAction\":[{\"@type\":\"SearchAction\",\"target\":{\"@type\":\"EntryPoint\",\"urlTemplate\":\"https:\/\/abawellgrow.com.vn\/?s={search_term_string}\"},\"query-input\":\"required name=search_term_string\"}],\"inLanguage\":\"en-US\"},{\"@type\":\"Organization\",\"@id\":\"https:\/\/abawellgrow.com.vn\/#organization\",\"name\":\"ABA VIETNAM\",\"url\":\"https:\/\/abawellgrow.com.vn\/\",\"sameAs\":[],\"logo\":{\"@type\":\"ImageObject\",\"inLanguage\":\"en-US\",\"@id\":\"https:\/\/abawellgrow.com.vn\/#\/schema\/logo\/image\/\",\"url\":\"https:\/\/abawellgrow.com.vn\/wp-content\/uploads\/2022\/10\/logo-aba-vietnam.png\",\"contentUrl\":\"https:\/\/abawellgrow.com.vn\/wp-content\/uploads\/2022\/10\/logo-aba-vietnam.png\",\"width\":1167,\"height\":684,\"caption\":\"ABA VIETNAM\"},\"image\":{\"@id\":\"https:\/\/abawellgrow.com.vn\/#\/schema\/logo\/image\/\"}}]}<\/script>\n<!-- \/ Yoast SEO Premium plugin. -->","yoast_head_json":{"title":"Nh\u00e1m \u0111\u0129a Siaflex 1948 - ABA VIETNAM","robots":{"index":"index","follow":"follow","max-snippet":"max-snippet:-1","max-image-preview":"max-image-preview:large","max-video-preview":"max-video-preview:-1"},"canonical":"https:\/\/abawellgrow.com.vn\/en\/product\/nham-dia-siaflex-1948\/","og_locale":"en_US","og_type":"article","og_title":"Nh\u00e1m \u0111\u0129a Siaflex 1948","og_description":"Pellentesque habitant morbi tristique senectus et netus et malesuada fames ac turpis egestas. Vestibulum tortor quam, feugiat vitae, ultricies eget, tempor sit amet, ante. Donec eu libero sit amet quam egestas semper. Aenean ultricies mi vitae est. Mauris placerat eleifend leo.","og_url":"https:\/\/abawellgrow.com.vn\/en\/product\/nham-dia-siaflex-1948\/","og_site_name":"ABA VIETNAM","article_modified_time":"2022-11-02T01:34:16+00:00","og_image":[{"width":600,"height":600,"url":"https:\/\/abawellgrow.com.vn\/wp-content\/uploads\/2017\/06\/Siaflex-1948.jpg","type":"image\/jpeg"}],"twitter_card":"summary_large_image","twitter_misc":{"Est. reading time":"1 minute"},"schema":{"@context":"https:\/\/schema.org","@graph":[{"@type":"WebPage","@id":"https:\/\/abawellgrow.com.vn\/san-pham\/nham-dia-siaflex-1948\/","url":"https:\/\/abawellgrow.com.vn\/san-pham\/nham-dia-siaflex-1948\/","name":"Nh\u00e1m \u0111\u0129a Siaflex 1948 - ABA VIETNAM","isPartOf":{"@id":"https:\/\/abawellgrow.com.vn\/#website"},"datePublished":"2017-06-07T04:00:28+00:00","dateModified":"2022-11-02T01:34:16+00:00","breadcrumb":{"@id":"https:\/\/abawellgrow.com.vn\/san-pham\/nham-dia-siaflex-1948\/#breadcrumb"},"inLanguage":"en-US","potentialAction":[{"@type":"ReadAction","target":["https:\/\/abawellgrow.com.vn\/san-pham\/nham-dia-siaflex-1948\/"]}]},{"@type":"BreadcrumbList","@id":"https:\/\/abawellgrow.com.vn\/san-pham\/nham-dia-siaflex-1948\/#breadcrumb","itemListElement":[{"@type":"ListItem","position":1,"name":"Home","item":"https:\/\/abawellgrow.com.vn\/"},{"@type":"ListItem","position":2,"name":"S\u1ea3n ph\u1ea9m","item":"https:\/\/abawellgrow.com.vn\/san-pham\/"},{"@type":"ListItem","position":3,"name":"Nh\u00e1m \u0111\u0129a Siaflex 1948"}]},{"@type":"WebSite","@id":"https:\/\/abawellgrow.com.vn\/#website","url":"https:\/\/abawellgrow.com.vn\/","name":"ABA VIETNAM","description":"C\u00d4NG TY TNHH ABA WELLGROW VI\u1ec6T NAM","publisher":{"@id":"https:\/\/abawellgrow.com.vn\/#organization"},"potentialAction":[{"@type":"SearchAction","target":{"@type":"EntryPoint","urlTemplate":"https:\/\/abawellgrow.com.vn\/?s={search_term_string}"},"query-input":"required name=search_term_string"}],"inLanguage":"en-US"},{"@type":"Organization","@id":"https:\/\/abawellgrow.com.vn\/#organization","name":"ABA VIETNAM","url":"https:\/\/abawellgrow.com.vn\/","sameAs":[],"logo":{"@type":"ImageObject","inLanguage":"en-US","@id":"https:\/\/abawellgrow.com.vn\/#\/schema\/logo\/image\/","url":"https:\/\/abawellgrow.com.vn\/wp-content\/uploads\/2022\/10\/logo-aba-vietnam.png","contentUrl":"https:\/\/abawellgrow.com.vn\/wp-content\/uploads\/2022\/10\/logo-aba-vietnam.png","width":1167,"height":684,"caption":"ABA VIETNAM"},"image":{"@id":"https:\/\/abawellgrow.com.vn\/#\/schema\/logo\/image\/"}}]}},"_links":{"self":[{"href":"https:\/\/abawellgrow.com.vn\/en\/wp-json\/wp\/v2\/product\/40"}],"collection":[{"href":"https:\/\/abawellgrow.com.vn\/en\/wp-json\/wp\/v2\/product"}],"about":[{"href":"https:\/\/abawellgrow.com.vn\/en\/wp-json\/wp\/v2\/types\/product"}],"replies":[{"embeddable":true,"href":"https:\/\/abawellgrow.com.vn\/en\/wp-json\/wp\/v2\/comments?post=40"}],"wp:featuredmedia":[{"embeddable":true,"href":"https:\/\/abawellgrow.com.vn\/en\/wp-json\/wp\/v2\/media\/4077"}],"wp:attachment":[{"href":"https:\/\/abawellgrow.com.vn\/en\/wp-json\/wp\/v2\/media?parent=40"}],"wp:term":[{"taxonomy":"product_cat","embeddable":true,"href":"https:\/\/abawellgrow.com.vn\/en\/wp-json\/wp\/v2\/product_cat?post=40"},{"taxonomy":"product_tag","embeddable":true,"href":"https:\/\/abawellgrow.com.vn\/en\/wp-json\/wp\/v2\/product_tag?post=40"}],"curies":[{"name":"wp","href":"https:\/\/api.w.org\/{rel}","templated":true}]}}