{"id":96,"date":"2013-06-07T11:37:23","date_gmt":"2013-06-07T04:37:23","guid":{"rendered":"http:\/\/demo.woothemes.com\/woocommerce\/?post_type=product&#038;p=96"},"modified":"2025-12-01T14:50:05","modified_gmt":"2025-12-01T07:50:05","slug":"2909-siawood","status":"publish","type":"product","link":"https:\/\/abawellgrow.com.vn\/en\/product\/2909-siawood\/","title":{"rendered":"2909 siawood"},"content":{"rendered":"<p>2909 siawood is ideal for sanding (rough sanding to finishing) all kinds of wood, plywood and softwood in the furniture industry, with high wear rate, long service life. same perfect surface finish.<\/p>\n<p>Application:<\/p>\n<p>Fine sanding and sanding calibration<br \/>\nSmooth surface edges<br \/>\nSanding of old paint and lacquer<br \/>\nRough and fine scrubbing for all types of wood<br \/>\nProduct features:<\/p>\n<p>Abrasive type: Aluminum oxide<br \/>\nBase lining: X-cotton fabric, polyester fabric<br \/>\nCoating: Electrostatic coating method<br \/>\nAdhesive: Resin on resin<br \/>\nGrain: P36, P60, P80, P100, P120, P150, P180, P220, P240, P320<\/p>\n<p>Size: on request.<\/p>","protected":false},"excerpt":{"rendered":"<p>2909 siawood l\u00e0 s\u1ea3n ph\u1ea9m l\u00fd t\u01b0\u1edfng cho c\u00f4ng t\u00e1c ch\u00e0 nh\u00e1m (t\u1eeb ch\u00e0 th\u00f4 \u0111\u1ebfn ch\u00e0 tinh) c\u00e1c lo\u1ea1i g\u1ed7 th\u1ecbt, g\u1ed7 d\u00e1n v\u00e0 g\u1ed7 m\u1ec1m trong ng\u00e0nh s\u1ea3n xu\u1ea5t \u0111\u1ed3 n\u1ed9i th\u1ea5t, v\u1edbi t\u1ec9 l\u1ec7 m\u00e0i m\u00f2n cao, th\u1eddi gian s\u1eed d\u1ee5ng l\u00e2u c\u00f9ng \u0111\u1ed9 ho\u00e0n thi\u1ec7n b\u1ec1 m\u1eb7t ho\u00e0n h\u1ea3o. \u1ee8ng d\u1ee5ng:<br \/><a class=\"more-link\" href=\"https:\/\/abawellgrow.com.vn\/en\/product\/2909-siawood\/\"><br \/>\n        Read More<span class=\"screen-reader-text\"> &#8220;2909 siawood&#8221;<\/span><\/a><\/p>","protected":false},"featured_media":4082,"comment_status":"open","ping_status":"closed","template":"","meta":[],"product_cat":[123,127,121,128,129],"product_tag":[],"yoast_head":"<!-- This site is optimized with the Yoast SEO Premium plugin v19.1 (Yoast SEO v19.5) - https:\/\/yoast.com\/wordpress\/plugins\/seo\/ -->\n<title>2909 siawood - ABA VIETNAM<\/title>\n<meta name=\"robots\" content=\"index, follow, max-snippet:-1, max-image-preview:large, max-video-preview:-1\" \/>\n<link rel=\"canonical\" href=\"https:\/\/abawellgrow.com.vn\/en\/product\/2909-siawood\/\" \/>\n<meta property=\"og:locale\" content=\"en_US\" \/>\n<meta property=\"og:type\" content=\"article\" \/>\n<meta property=\"og:title\" content=\"2909 siawood\" \/>\n<meta property=\"og:description\" content=\"2909 siawood l\u00e0 s\u1ea3n ph\u1ea9m l\u00fd t\u01b0\u1edfng cho c\u00f4ng t\u00e1c ch\u00e0 nh\u00e1m (t\u1eeb ch\u00e0 th\u00f4 \u0111\u1ebfn ch\u00e0 tinh) c\u00e1c lo\u1ea1i g\u1ed7 th\u1ecbt, g\u1ed7 d\u00e1n v\u00e0 g\u1ed7 m\u1ec1m trong ng\u00e0nh s\u1ea3n xu\u1ea5t \u0111\u1ed3 n\u1ed9i th\u1ea5t, v\u1edbi t\u1ec9 l\u1ec7 m\u00e0i m\u00f2n cao, th\u1eddi gian s\u1eed d\u1ee5ng l\u00e2u c\u00f9ng \u0111\u1ed9 ho\u00e0n thi\u1ec7n b\u1ec1 m\u1eb7t ho\u00e0n h\u1ea3o. \u1ee8ng d\u1ee5ng:     Read More &quot;2909 siawood&quot;\" \/>\n<meta property=\"og:url\" content=\"https:\/\/abawellgrow.com.vn\/en\/product\/2909-siawood\/\" \/>\n<meta property=\"og:site_name\" content=\"ABA VIETNAM\" \/>\n<meta property=\"article:modified_time\" content=\"2025-12-01T07:50:05+00:00\" \/>\n<meta property=\"og:image\" content=\"https:\/\/abawellgrow.com.vn\/wp-content\/uploads\/2013\/06\/2909-siawood-aba.jpg\" \/>\n\t<meta property=\"og:image:width\" content=\"600\" \/>\n\t<meta property=\"og:image:height\" content=\"600\" \/>\n\t<meta property=\"og:image:type\" content=\"image\/jpeg\" \/>\n<meta name=\"twitter:card\" content=\"summary_large_image\" \/>\n<meta name=\"twitter:label1\" content=\"Est. reading time\" \/>\n\t<meta name=\"twitter:data1\" content=\"1 minute\" \/>\n<script type=\"application\/ld+json\" class=\"yoast-schema-graph\">{\"@context\":\"https:\/\/schema.org\",\"@graph\":[{\"@type\":\"WebPage\",\"@id\":\"https:\/\/abawellgrow.com.vn\/san-pham\/2909-siawood\/\",\"url\":\"https:\/\/abawellgrow.com.vn\/san-pham\/2909-siawood\/\",\"name\":\"2909 siawood - ABA VIETNAM\",\"isPartOf\":{\"@id\":\"https:\/\/abawellgrow.com.vn\/#website\"},\"datePublished\":\"2013-06-07T04:37:23+00:00\",\"dateModified\":\"2025-12-01T07:50:05+00:00\",\"breadcrumb\":{\"@id\":\"https:\/\/abawellgrow.com.vn\/san-pham\/2909-siawood\/#breadcrumb\"},\"inLanguage\":\"en-US\",\"potentialAction\":[{\"@type\":\"ReadAction\",\"target\":[\"https:\/\/abawellgrow.com.vn\/san-pham\/2909-siawood\/\"]}]},{\"@type\":\"BreadcrumbList\",\"@id\":\"https:\/\/abawellgrow.com.vn\/san-pham\/2909-siawood\/#breadcrumb\",\"itemListElement\":[{\"@type\":\"ListItem\",\"position\":1,\"name\":\"Home\",\"item\":\"https:\/\/abawellgrow.com.vn\/\"},{\"@type\":\"ListItem\",\"position\":2,\"name\":\"S\u1ea3n ph\u1ea9m\",\"item\":\"https:\/\/abawellgrow.com.vn\/san-pham\/\"},{\"@type\":\"ListItem\",\"position\":3,\"name\":\"2909 siawood\"}]},{\"@type\":\"WebSite\",\"@id\":\"https:\/\/abawellgrow.com.vn\/#website\",\"url\":\"https:\/\/abawellgrow.com.vn\/\",\"name\":\"ABA VIETNAM\",\"description\":\"C\u00d4NG TY TNHH ABA WELLGROW VI\u1ec6T NAM\",\"publisher\":{\"@id\":\"https:\/\/abawellgrow.com.vn\/#organization\"},\"potentialAction\":[{\"@type\":\"SearchAction\",\"target\":{\"@type\":\"EntryPoint\",\"urlTemplate\":\"https:\/\/abawellgrow.com.vn\/?s={search_term_string}\"},\"query-input\":\"required name=search_term_string\"}],\"inLanguage\":\"en-US\"},{\"@type\":\"Organization\",\"@id\":\"https:\/\/abawellgrow.com.vn\/#organization\",\"name\":\"ABA VIETNAM\",\"url\":\"https:\/\/abawellgrow.com.vn\/\",\"sameAs\":[],\"logo\":{\"@type\":\"ImageObject\",\"inLanguage\":\"en-US\",\"@id\":\"https:\/\/abawellgrow.com.vn\/#\/schema\/logo\/image\/\",\"url\":\"https:\/\/abawellgrow.com.vn\/wp-content\/uploads\/2022\/10\/logo-aba-vietnam.png\",\"contentUrl\":\"https:\/\/abawellgrow.com.vn\/wp-content\/uploads\/2022\/10\/logo-aba-vietnam.png\",\"width\":1167,\"height\":684,\"caption\":\"ABA VIETNAM\"},\"image\":{\"@id\":\"https:\/\/abawellgrow.com.vn\/#\/schema\/logo\/image\/\"}}]}<\/script>\n<!-- \/ Yoast SEO Premium plugin. -->","yoast_head_json":{"title":"2909 siawood - ABA VIETNAM","robots":{"index":"index","follow":"follow","max-snippet":"max-snippet:-1","max-image-preview":"max-image-preview:large","max-video-preview":"max-video-preview:-1"},"canonical":"https:\/\/abawellgrow.com.vn\/en\/product\/2909-siawood\/","og_locale":"en_US","og_type":"article","og_title":"2909 siawood","og_description":"2909 siawood l\u00e0 s\u1ea3n ph\u1ea9m l\u00fd t\u01b0\u1edfng cho c\u00f4ng t\u00e1c ch\u00e0 nh\u00e1m (t\u1eeb ch\u00e0 th\u00f4 \u0111\u1ebfn ch\u00e0 tinh) c\u00e1c lo\u1ea1i g\u1ed7 th\u1ecbt, g\u1ed7 d\u00e1n v\u00e0 g\u1ed7 m\u1ec1m trong ng\u00e0nh s\u1ea3n xu\u1ea5t \u0111\u1ed3 n\u1ed9i th\u1ea5t, v\u1edbi t\u1ec9 l\u1ec7 m\u00e0i m\u00f2n cao, th\u1eddi gian s\u1eed d\u1ee5ng l\u00e2u c\u00f9ng \u0111\u1ed9 ho\u00e0n thi\u1ec7n b\u1ec1 m\u1eb7t ho\u00e0n h\u1ea3o. \u1ee8ng d\u1ee5ng:     Read More \"2909 siawood\"","og_url":"https:\/\/abawellgrow.com.vn\/en\/product\/2909-siawood\/","og_site_name":"ABA VIETNAM","article_modified_time":"2025-12-01T07:50:05+00:00","og_image":[{"width":600,"height":600,"url":"https:\/\/abawellgrow.com.vn\/wp-content\/uploads\/2013\/06\/2909-siawood-aba.jpg","type":"image\/jpeg"}],"twitter_card":"summary_large_image","twitter_misc":{"Est. reading time":"1 minute"},"schema":{"@context":"https:\/\/schema.org","@graph":[{"@type":"WebPage","@id":"https:\/\/abawellgrow.com.vn\/san-pham\/2909-siawood\/","url":"https:\/\/abawellgrow.com.vn\/san-pham\/2909-siawood\/","name":"2909 siawood - ABA VIETNAM","isPartOf":{"@id":"https:\/\/abawellgrow.com.vn\/#website"},"datePublished":"2013-06-07T04:37:23+00:00","dateModified":"2025-12-01T07:50:05+00:00","breadcrumb":{"@id":"https:\/\/abawellgrow.com.vn\/san-pham\/2909-siawood\/#breadcrumb"},"inLanguage":"en-US","potentialAction":[{"@type":"ReadAction","target":["https:\/\/abawellgrow.com.vn\/san-pham\/2909-siawood\/"]}]},{"@type":"BreadcrumbList","@id":"https:\/\/abawellgrow.com.vn\/san-pham\/2909-siawood\/#breadcrumb","itemListElement":[{"@type":"ListItem","position":1,"name":"Home","item":"https:\/\/abawellgrow.com.vn\/"},{"@type":"ListItem","position":2,"name":"S\u1ea3n ph\u1ea9m","item":"https:\/\/abawellgrow.com.vn\/san-pham\/"},{"@type":"ListItem","position":3,"name":"2909 siawood"}]},{"@type":"WebSite","@id":"https:\/\/abawellgrow.com.vn\/#website","url":"https:\/\/abawellgrow.com.vn\/","name":"ABA VIETNAM","description":"C\u00d4NG TY TNHH ABA WELLGROW VI\u1ec6T NAM","publisher":{"@id":"https:\/\/abawellgrow.com.vn\/#organization"},"potentialAction":[{"@type":"SearchAction","target":{"@type":"EntryPoint","urlTemplate":"https:\/\/abawellgrow.com.vn\/?s={search_term_string}"},"query-input":"required name=search_term_string"}],"inLanguage":"en-US"},{"@type":"Organization","@id":"https:\/\/abawellgrow.com.vn\/#organization","name":"ABA VIETNAM","url":"https:\/\/abawellgrow.com.vn\/","sameAs":[],"logo":{"@type":"ImageObject","inLanguage":"en-US","@id":"https:\/\/abawellgrow.com.vn\/#\/schema\/logo\/image\/","url":"https:\/\/abawellgrow.com.vn\/wp-content\/uploads\/2022\/10\/logo-aba-vietnam.png","contentUrl":"https:\/\/abawellgrow.com.vn\/wp-content\/uploads\/2022\/10\/logo-aba-vietnam.png","width":1167,"height":684,"caption":"ABA VIETNAM"},"image":{"@id":"https:\/\/abawellgrow.com.vn\/#\/schema\/logo\/image\/"}}]}},"_links":{"self":[{"href":"https:\/\/abawellgrow.com.vn\/en\/wp-json\/wp\/v2\/product\/96"}],"collection":[{"href":"https:\/\/abawellgrow.com.vn\/en\/wp-json\/wp\/v2\/product"}],"about":[{"href":"https:\/\/abawellgrow.com.vn\/en\/wp-json\/wp\/v2\/types\/product"}],"replies":[{"embeddable":true,"href":"https:\/\/abawellgrow.com.vn\/en\/wp-json\/wp\/v2\/comments?post=96"}],"wp:featuredmedia":[{"embeddable":true,"href":"https:\/\/abawellgrow.com.vn\/en\/wp-json\/wp\/v2\/media\/4082"}],"wp:attachment":[{"href":"https:\/\/abawellgrow.com.vn\/en\/wp-json\/wp\/v2\/media?parent=96"}],"wp:term":[{"taxonomy":"product_cat","embeddable":true,"href":"https:\/\/abawellgrow.com.vn\/en\/wp-json\/wp\/v2\/product_cat?post=96"},{"taxonomy":"product_tag","embeddable":true,"href":"https:\/\/abawellgrow.com.vn\/en\/wp-json\/wp\/v2\/product_tag?post=96"}],"curies":[{"name":"wp","href":"https:\/\/api.w.org\/{rel}","templated":true}]}}