{"id":99,"date":"2017-06-07T11:29:12","date_gmt":"2017-06-07T04:29:12","guid":{"rendered":"http:\/\/demo.woothemes.com\/woocommerce\/?post_type=product&#038;p=99"},"modified":"2022-11-02T08:33:44","modified_gmt":"2022-11-02T01:33:44","slug":"nham-dia-film-siaspeed-1950","status":"publish","type":"product","link":"https:\/\/abawellgrow.com.vn\/en\/product\/nham-dia-film-siaspeed-1950\/","title":{"rendered":"Film Siaspeed 1950"},"content":{"rendered":"<p><strong>Film Siaspeed 1950<\/strong>\u00a0specially designed for high grinding speeds, perfect surface finish and long service life in applications such as surface treatment of putty, putty, lacquer and paint.<\/p>\n<p><strong>Application<\/strong>:<\/p>\n<ul>\n<li>Scrub away coatings and impurities<\/li>\n<li>Scrub rough edges<\/li>\n<li>Matte grinding of mastics and putty<\/li>\n<li>Scrub the layer of putty<\/li>\n<li>Scrub off old and new varnishes<\/li>\n<li>Specialized in the automotive industry<\/li>\n<\/ul>\n<p><strong>\u00a0Product features<\/strong>:<\/p>\n<p><u>\u00a0What kind of seeds?<\/u>i:<\/p>\n<ul>\n<li>Mixed abrasives K040-K080<\/li>\n<li>Semi-frialble aluminum oxide\/blue flame P100-P600<\/li>\n<\/ul>\n<p><u>\u00a0Base lining<\/u>: Paper<\/p>\n<p><u>\u00a0Coating<\/u>:<\/p>\n<ul>\n<li>Electrostatic open coating method P220-P600<\/li>\n<li>Electrostatic coating method K040-P180<\/li>\n<\/ul>\n<p><u>Adhesives<\/u>: Resin on resin<\/p>\n<p><u>Coating<\/u>: Srearate from K080<\/p>\n<p><strong>Grain degree<\/strong>: P60, P80, P100, P120, P150, P180, P240, P320, P400, P500, P600, P800, P1000, P1200, P1500<\/p>\n<p><strong>Size<\/strong>: 75MM, 125MM, 150MM<\/p>\n<p><strong>Hole<\/strong>: on request<\/p>","protected":false},"excerpt":{"rendered":"<p>Film Siaspeed 1950 disc abrasives are specially designed for high grinding speeds, excellent surface finish and long service life in applications such as surface treatments of putty, putty, lacquec and coatings. Application: Scrub off coatings and impurities<br \/><a class=\"more-link\" href=\"https:\/\/abawellgrow.com.vn\/en\/product\/nham-dia-film-siaspeed-1950\/\"><br \/>\n        Read More<span class=\"screen-reader-text\"> \u201cFilm Siaspeed 1950\u201d<\/span><\/a><\/p>","protected":false},"featured_media":4076,"comment_status":"closed","ping_status":"closed","template":"","meta":[],"product_cat":[122,123,127,121,119,118,120,45,47,32,128,129,124],"product_tag":[],"yoast_head":"<!-- This site is optimized with the Yoast SEO Premium plugin v19.1 (Yoast SEO v19.5) - https:\/\/yoast.com\/wordpress\/plugins\/seo\/ -->\n<title>Nh\u00e1m \u0111\u0129a Film Siaspeed 1950 - ABA VIETNAM<\/title>\n<meta name=\"robots\" content=\"index, follow, max-snippet:-1, max-image-preview:large, max-video-preview:-1\" \/>\n<link rel=\"canonical\" href=\"https:\/\/abawellgrow.com.vn\/en\/product\/nham-dia-film-siaspeed-1950\/\" \/>\n<meta property=\"og:locale\" content=\"en_US\" \/>\n<meta property=\"og:type\" content=\"article\" \/>\n<meta property=\"og:title\" content=\"Nh\u00e1m \u0111\u0129a Film Siaspeed 1950\" \/>\n<meta property=\"og:description\" content=\"Nh\u00e1m \u0111\u0129a Film Siaspeed 1950\u00a0\u0111\u01b0\u1ee3c thi\u1ebft k\u1ebf \u0111\u1eb7c bi\u1ec7t d\u00e0nh cho t\u1ed1c \u0111\u1ed9 m\u00e0i cao, ch\u1ea5y l\u01b0\u1ee3ng b\u1ec1 m\u1eb7t ho\u00e0n h\u1ea3o v\u00e0 th\u1eddi gian s\u1eed d\u1ee5ng l\u00e2u trong c\u00e1c \u1ee9ng d\u1ee5ng nh\u01b0 x\u1eed l\u00fd b\u1ec1 m\u1eb7t l\u1edbp ma tit, b\u1ed9t b\u1ea3, s\u01a1n lacquec v\u00e0 s\u01a1n. \u1ee8ng d\u1ee5ng: Ch\u00e0 s\u1ea1ch c\u00e1c l\u1edbp ph\u1ee7 v\u00e0 t\u1ea1p ch\u1ea5t     Read More &quot;Nh\u00e1m \u0111\u0129a Film Siaspeed 1950&quot;\" \/>\n<meta property=\"og:url\" content=\"https:\/\/abawellgrow.com.vn\/en\/product\/nham-dia-film-siaspeed-1950\/\" \/>\n<meta property=\"og:site_name\" content=\"ABA VIETNAM\" \/>\n<meta property=\"article:modified_time\" content=\"2022-11-02T01:33:44+00:00\" \/>\n<meta property=\"og:image\" content=\"https:\/\/abawellgrow.com.vn\/wp-content\/uploads\/2017\/06\/1950-sia-aba-well-grow.jpg\" \/>\n\t<meta property=\"og:image:width\" content=\"600\" \/>\n\t<meta property=\"og:image:height\" content=\"600\" \/>\n\t<meta property=\"og:image:type\" content=\"image\/jpeg\" \/>\n<meta name=\"twitter:card\" content=\"summary_large_image\" \/>\n<meta name=\"twitter:label1\" content=\"Est. reading time\" \/>\n\t<meta name=\"twitter:data1\" content=\"1 minute\" \/>\n<script type=\"application\/ld+json\" class=\"yoast-schema-graph\">{\"@context\":\"https:\/\/schema.org\",\"@graph\":[{\"@type\":\"WebPage\",\"@id\":\"https:\/\/abawellgrow.com.vn\/san-pham\/nham-dia-film-siaspeed-1950\/\",\"url\":\"https:\/\/abawellgrow.com.vn\/san-pham\/nham-dia-film-siaspeed-1950\/\",\"name\":\"Nh\u00e1m \u0111\u0129a Film Siaspeed 1950 - ABA VIETNAM\",\"isPartOf\":{\"@id\":\"https:\/\/abawellgrow.com.vn\/#website\"},\"datePublished\":\"2017-06-07T04:29:12+00:00\",\"dateModified\":\"2022-11-02T01:33:44+00:00\",\"breadcrumb\":{\"@id\":\"https:\/\/abawellgrow.com.vn\/san-pham\/nham-dia-film-siaspeed-1950\/#breadcrumb\"},\"inLanguage\":\"en-US\",\"potentialAction\":[{\"@type\":\"ReadAction\",\"target\":[\"https:\/\/abawellgrow.com.vn\/san-pham\/nham-dia-film-siaspeed-1950\/\"]}]},{\"@type\":\"BreadcrumbList\",\"@id\":\"https:\/\/abawellgrow.com.vn\/san-pham\/nham-dia-film-siaspeed-1950\/#breadcrumb\",\"itemListElement\":[{\"@type\":\"ListItem\",\"position\":1,\"name\":\"Home\",\"item\":\"https:\/\/abawellgrow.com.vn\/\"},{\"@type\":\"ListItem\",\"position\":2,\"name\":\"S\u1ea3n ph\u1ea9m\",\"item\":\"https:\/\/abawellgrow.com.vn\/san-pham\/\"},{\"@type\":\"ListItem\",\"position\":3,\"name\":\"Nh\u00e1m \u0111\u0129a Film Siaspeed 1950\"}]},{\"@type\":\"WebSite\",\"@id\":\"https:\/\/abawellgrow.com.vn\/#website\",\"url\":\"https:\/\/abawellgrow.com.vn\/\",\"name\":\"ABA VIETNAM\",\"description\":\"C\u00d4NG TY TNHH ABA WELLGROW VI\u1ec6T NAM\",\"publisher\":{\"@id\":\"https:\/\/abawellgrow.com.vn\/#organization\"},\"potentialAction\":[{\"@type\":\"SearchAction\",\"target\":{\"@type\":\"EntryPoint\",\"urlTemplate\":\"https:\/\/abawellgrow.com.vn\/?s={search_term_string}\"},\"query-input\":\"required name=search_term_string\"}],\"inLanguage\":\"en-US\"},{\"@type\":\"Organization\",\"@id\":\"https:\/\/abawellgrow.com.vn\/#organization\",\"name\":\"ABA VIETNAM\",\"url\":\"https:\/\/abawellgrow.com.vn\/\",\"sameAs\":[],\"logo\":{\"@type\":\"ImageObject\",\"inLanguage\":\"en-US\",\"@id\":\"https:\/\/abawellgrow.com.vn\/#\/schema\/logo\/image\/\",\"url\":\"https:\/\/abawellgrow.com.vn\/wp-content\/uploads\/2022\/10\/logo-aba-vietnam.png\",\"contentUrl\":\"https:\/\/abawellgrow.com.vn\/wp-content\/uploads\/2022\/10\/logo-aba-vietnam.png\",\"width\":1167,\"height\":684,\"caption\":\"ABA VIETNAM\"},\"image\":{\"@id\":\"https:\/\/abawellgrow.com.vn\/#\/schema\/logo\/image\/\"}}]}<\/script>\n<!-- \/ Yoast SEO Premium plugin. -->","yoast_head_json":{"title":"Nh\u00e1m \u0111\u0129a Film Siaspeed 1950 - ABA VIETNAM","robots":{"index":"index","follow":"follow","max-snippet":"max-snippet:-1","max-image-preview":"max-image-preview:large","max-video-preview":"max-video-preview:-1"},"canonical":"https:\/\/abawellgrow.com.vn\/en\/product\/nham-dia-film-siaspeed-1950\/","og_locale":"en_US","og_type":"article","og_title":"Nh\u00e1m \u0111\u0129a Film Siaspeed 1950","og_description":"Nh\u00e1m \u0111\u0129a Film Siaspeed 1950\u00a0\u0111\u01b0\u1ee3c thi\u1ebft k\u1ebf \u0111\u1eb7c bi\u1ec7t d\u00e0nh cho t\u1ed1c \u0111\u1ed9 m\u00e0i cao, ch\u1ea5y l\u01b0\u1ee3ng b\u1ec1 m\u1eb7t ho\u00e0n h\u1ea3o v\u00e0 th\u1eddi gian s\u1eed d\u1ee5ng l\u00e2u trong c\u00e1c \u1ee9ng d\u1ee5ng nh\u01b0 x\u1eed l\u00fd b\u1ec1 m\u1eb7t l\u1edbp ma tit, b\u1ed9t b\u1ea3, s\u01a1n lacquec v\u00e0 s\u01a1n. \u1ee8ng d\u1ee5ng: Ch\u00e0 s\u1ea1ch c\u00e1c l\u1edbp ph\u1ee7 v\u00e0 t\u1ea1p ch\u1ea5t     Read More \"Nh\u00e1m \u0111\u0129a Film Siaspeed 1950\"","og_url":"https:\/\/abawellgrow.com.vn\/en\/product\/nham-dia-film-siaspeed-1950\/","og_site_name":"ABA VIETNAM","article_modified_time":"2022-11-02T01:33:44+00:00","og_image":[{"width":600,"height":600,"url":"https:\/\/abawellgrow.com.vn\/wp-content\/uploads\/2017\/06\/1950-sia-aba-well-grow.jpg","type":"image\/jpeg"}],"twitter_card":"summary_large_image","twitter_misc":{"Est. reading time":"1 minute"},"schema":{"@context":"https:\/\/schema.org","@graph":[{"@type":"WebPage","@id":"https:\/\/abawellgrow.com.vn\/san-pham\/nham-dia-film-siaspeed-1950\/","url":"https:\/\/abawellgrow.com.vn\/san-pham\/nham-dia-film-siaspeed-1950\/","name":"Nh\u00e1m \u0111\u0129a Film Siaspeed 1950 - ABA VIETNAM","isPartOf":{"@id":"https:\/\/abawellgrow.com.vn\/#website"},"datePublished":"2017-06-07T04:29:12+00:00","dateModified":"2022-11-02T01:33:44+00:00","breadcrumb":{"@id":"https:\/\/abawellgrow.com.vn\/san-pham\/nham-dia-film-siaspeed-1950\/#breadcrumb"},"inLanguage":"en-US","potentialAction":[{"@type":"ReadAction","target":["https:\/\/abawellgrow.com.vn\/san-pham\/nham-dia-film-siaspeed-1950\/"]}]},{"@type":"BreadcrumbList","@id":"https:\/\/abawellgrow.com.vn\/san-pham\/nham-dia-film-siaspeed-1950\/#breadcrumb","itemListElement":[{"@type":"ListItem","position":1,"name":"Home","item":"https:\/\/abawellgrow.com.vn\/"},{"@type":"ListItem","position":2,"name":"S\u1ea3n ph\u1ea9m","item":"https:\/\/abawellgrow.com.vn\/san-pham\/"},{"@type":"ListItem","position":3,"name":"Nh\u00e1m \u0111\u0129a Film Siaspeed 1950"}]},{"@type":"WebSite","@id":"https:\/\/abawellgrow.com.vn\/#website","url":"https:\/\/abawellgrow.com.vn\/","name":"ABA VIETNAM","description":"C\u00d4NG TY TNHH ABA WELLGROW VI\u1ec6T NAM","publisher":{"@id":"https:\/\/abawellgrow.com.vn\/#organization"},"potentialAction":[{"@type":"SearchAction","target":{"@type":"EntryPoint","urlTemplate":"https:\/\/abawellgrow.com.vn\/?s={search_term_string}"},"query-input":"required name=search_term_string"}],"inLanguage":"en-US"},{"@type":"Organization","@id":"https:\/\/abawellgrow.com.vn\/#organization","name":"ABA VIETNAM","url":"https:\/\/abawellgrow.com.vn\/","sameAs":[],"logo":{"@type":"ImageObject","inLanguage":"en-US","@id":"https:\/\/abawellgrow.com.vn\/#\/schema\/logo\/image\/","url":"https:\/\/abawellgrow.com.vn\/wp-content\/uploads\/2022\/10\/logo-aba-vietnam.png","contentUrl":"https:\/\/abawellgrow.com.vn\/wp-content\/uploads\/2022\/10\/logo-aba-vietnam.png","width":1167,"height":684,"caption":"ABA VIETNAM"},"image":{"@id":"https:\/\/abawellgrow.com.vn\/#\/schema\/logo\/image\/"}}]}},"_links":{"self":[{"href":"https:\/\/abawellgrow.com.vn\/en\/wp-json\/wp\/v2\/product\/99"}],"collection":[{"href":"https:\/\/abawellgrow.com.vn\/en\/wp-json\/wp\/v2\/product"}],"about":[{"href":"https:\/\/abawellgrow.com.vn\/en\/wp-json\/wp\/v2\/types\/product"}],"replies":[{"embeddable":true,"href":"https:\/\/abawellgrow.com.vn\/en\/wp-json\/wp\/v2\/comments?post=99"}],"wp:featuredmedia":[{"embeddable":true,"href":"https:\/\/abawellgrow.com.vn\/en\/wp-json\/wp\/v2\/media\/4076"}],"wp:attachment":[{"href":"https:\/\/abawellgrow.com.vn\/en\/wp-json\/wp\/v2\/media?parent=99"}],"wp:term":[{"taxonomy":"product_cat","embeddable":true,"href":"https:\/\/abawellgrow.com.vn\/en\/wp-json\/wp\/v2\/product_cat?post=99"},{"taxonomy":"product_tag","embeddable":true,"href":"https:\/\/abawellgrow.com.vn\/en\/wp-json\/wp\/v2\/product_tag?post=99"}],"curies":[{"name":"wp","href":"https:\/\/api.w.org\/{rel}","templated":true}]}}